{"id":239,"date":"2025-06-28T16:17:18","date_gmt":"2025-06-28T14:17:18","guid":{"rendered":"https:\/\/erikaupert.ro\/space-for-you\/"},"modified":"2025-06-28T16:17:18","modified_gmt":"2025-06-28T14:17:18","slug":"space-for-you","status":"publish","type":"page","link":"https:\/\/erikaupert.ro\/en\/space-for-you\/","title":{"rendered":"Space for You"},"content":{"rendered":"","protected":false},"excerpt":{"rendered":"","protected":false},"author":3,"featured_media":0,"parent":0,"menu_order":0,"comment_status":"open","ping_status":"closed","template":"","meta":{"iawp_total_views":7,"footnotes":""},"class_list":["post-239","page","type-page","status-publish","hentry"],"yoast_head":"<!-- This site is optimized with the Yoast SEO plugin v26.2 - https:\/\/yoast.com\/wordpress\/plugins\/seo\/ -->\n<title>Space for You - Kaupert Erika | Coach Certificat \u00een S\u0103n\u0103tate \u0219i Wellness<\/title>\n<meta name=\"robots\" content=\"index, follow, max-snippet:-1, max-image-preview:large, max-video-preview:-1\" \/>\n<link rel=\"canonical\" href=\"https:\/\/erikaupert.ro\/en\/space-for-you\/\" \/>\n<meta property=\"og:locale\" content=\"en_US\" \/>\n<meta property=\"og:type\" content=\"article\" \/>\n<meta property=\"og:title\" content=\"Space for You - Kaupert Erika | Coach Certificat \u00een S\u0103n\u0103tate \u0219i Wellness\" \/>\n<meta property=\"og:url\" content=\"https:\/\/erikaupert.ro\/en\/space-for-you\/\" \/>\n<meta property=\"og:site_name\" content=\"Kaupert Erika | Coach Certificat \u00een S\u0103n\u0103tate \u0219i Wellness\" \/>\n<meta name=\"twitter:card\" content=\"summary_large_image\" \/>\n<script type=\"application\/ld+json\" class=\"yoast-schema-graph\">{\"@context\":\"https:\/\/schema.org\",\"@graph\":[{\"@type\":\"WebPage\",\"@id\":\"https:\/\/erikaupert.ro\/en\/space-for-you\/\",\"url\":\"https:\/\/erikaupert.ro\/en\/space-for-you\/\",\"name\":\"Space for You - Kaupert Erika | Coach Certificat \u00een S\u0103n\u0103tate \u0219i Wellness\",\"isPartOf\":{\"@id\":\"https:\/\/erikaupert.ro\/en\/#website\"},\"datePublished\":\"2025-06-28T14:17:18+00:00\",\"breadcrumb\":{\"@id\":\"https:\/\/erikaupert.ro\/en\/space-for-you\/#breadcrumb\"},\"inLanguage\":\"en-US\",\"potentialAction\":[{\"@type\":\"ReadAction\",\"target\":[\"https:\/\/erikaupert.ro\/en\/space-for-you\/\"]}]},{\"@type\":\"BreadcrumbList\",\"@id\":\"https:\/\/erikaupert.ro\/en\/space-for-you\/#breadcrumb\",\"itemListElement\":[{\"@type\":\"ListItem\",\"position\":1,\"name\":\"Prima pagin\u0103\",\"item\":\"https:\/\/erikaupert.ro\/en\/home\/\"},{\"@type\":\"ListItem\",\"position\":2,\"name\":\"Space for You\"}]},{\"@type\":\"WebSite\",\"@id\":\"https:\/\/erikaupert.ro\/en\/#website\",\"url\":\"https:\/\/erikaupert.ro\/en\/\",\"name\":\"Kaupert Erika | Coach Certificat \u00een S\u0103n\u0103tate \u0219i Wellness\",\"description\":\"Coach Certificat \u00een S\u0103n\u0103tate \u0219i Wellness\",\"publisher\":{\"@id\":\"https:\/\/erikaupert.ro\/en\/#\/schema\/person\/3971b7d78cf4c284de7cfabb527de962\"},\"potentialAction\":[{\"@type\":\"SearchAction\",\"target\":{\"@type\":\"EntryPoint\",\"urlTemplate\":\"https:\/\/erikaupert.ro\/en\/?s={search_term_string}\"},\"query-input\":{\"@type\":\"PropertyValueSpecification\",\"valueRequired\":true,\"valueName\":\"search_term_string\"}}],\"inLanguage\":\"en-US\"},{\"@type\":[\"Person\",\"Organization\"],\"@id\":\"https:\/\/erikaupert.ro\/en\/#\/schema\/person\/3971b7d78cf4c284de7cfabb527de962\",\"name\":\"erikaupert@yahoo.co.uk\",\"image\":{\"@type\":\"ImageObject\",\"inLanguage\":\"en-US\",\"@id\":\"https:\/\/erikaupert.ro\/en\/#\/schema\/person\/image\/\",\"url\":\"https:\/\/secure.gravatar.com\/avatar\/11cb3bea97ee7f9a6bbae9b975ea6c4d7e2c4f46aa57ab215bb289d0b0cfb2b6?s=96&d=mm&r=g\",\"contentUrl\":\"https:\/\/secure.gravatar.com\/avatar\/11cb3bea97ee7f9a6bbae9b975ea6c4d7e2c4f46aa57ab215bb289d0b0cfb2b6?s=96&d=mm&r=g\",\"caption\":\"erikaupert@yahoo.co.uk\"},\"logo\":{\"@id\":\"https:\/\/erikaupert.ro\/en\/#\/schema\/person\/image\/\"}}]}<\/script>\n<!-- \/ Yoast SEO plugin. -->","yoast_head_json":{"title":"Space for You - Kaupert Erika | Coach Certificat \u00een S\u0103n\u0103tate \u0219i Wellness","robots":{"index":"index","follow":"follow","max-snippet":"max-snippet:-1","max-image-preview":"max-image-preview:large","max-video-preview":"max-video-preview:-1"},"canonical":"https:\/\/erikaupert.ro\/en\/space-for-you\/","og_locale":"en_US","og_type":"article","og_title":"Space for You - Kaupert Erika | Coach Certificat \u00een S\u0103n\u0103tate \u0219i Wellness","og_url":"https:\/\/erikaupert.ro\/en\/space-for-you\/","og_site_name":"Kaupert Erika | Coach Certificat \u00een S\u0103n\u0103tate \u0219i Wellness","twitter_card":"summary_large_image","schema":{"@context":"https:\/\/schema.org","@graph":[{"@type":"WebPage","@id":"https:\/\/erikaupert.ro\/en\/space-for-you\/","url":"https:\/\/erikaupert.ro\/en\/space-for-you\/","name":"Space for You - Kaupert Erika | Coach Certificat \u00een S\u0103n\u0103tate \u0219i Wellness","isPartOf":{"@id":"https:\/\/erikaupert.ro\/en\/#website"},"datePublished":"2025-06-28T14:17:18+00:00","breadcrumb":{"@id":"https:\/\/erikaupert.ro\/en\/space-for-you\/#breadcrumb"},"inLanguage":"en-US","potentialAction":[{"@type":"ReadAction","target":["https:\/\/erikaupert.ro\/en\/space-for-you\/"]}]},{"@type":"BreadcrumbList","@id":"https:\/\/erikaupert.ro\/en\/space-for-you\/#breadcrumb","itemListElement":[{"@type":"ListItem","position":1,"name":"Prima pagin\u0103","item":"https:\/\/erikaupert.ro\/en\/home\/"},{"@type":"ListItem","position":2,"name":"Space for You"}]},{"@type":"WebSite","@id":"https:\/\/erikaupert.ro\/en\/#website","url":"https:\/\/erikaupert.ro\/en\/","name":"Kaupert Erika | Coach Certificat \u00een S\u0103n\u0103tate \u0219i Wellness","description":"Coach Certificat \u00een S\u0103n\u0103tate \u0219i Wellness","publisher":{"@id":"https:\/\/erikaupert.ro\/en\/#\/schema\/person\/3971b7d78cf4c284de7cfabb527de962"},"potentialAction":[{"@type":"SearchAction","target":{"@type":"EntryPoint","urlTemplate":"https:\/\/erikaupert.ro\/en\/?s={search_term_string}"},"query-input":{"@type":"PropertyValueSpecification","valueRequired":true,"valueName":"search_term_string"}}],"inLanguage":"en-US"},{"@type":["Person","Organization"],"@id":"https:\/\/erikaupert.ro\/en\/#\/schema\/person\/3971b7d78cf4c284de7cfabb527de962","name":"erikaupert@yahoo.co.uk","image":{"@type":"ImageObject","inLanguage":"en-US","@id":"https:\/\/erikaupert.ro\/en\/#\/schema\/person\/image\/","url":"https:\/\/secure.gravatar.com\/avatar\/11cb3bea97ee7f9a6bbae9b975ea6c4d7e2c4f46aa57ab215bb289d0b0cfb2b6?s=96&d=mm&r=g","contentUrl":"https:\/\/secure.gravatar.com\/avatar\/11cb3bea97ee7f9a6bbae9b975ea6c4d7e2c4f46aa57ab215bb289d0b0cfb2b6?s=96&d=mm&r=g","caption":"erikaupert@yahoo.co.uk"},"logo":{"@id":"https:\/\/erikaupert.ro\/en\/#\/schema\/person\/image\/"}}]}},"_links":{"self":[{"href":"https:\/\/erikaupert.ro\/en\/wp-json\/wp\/v2\/pages\/239","targetHints":{"allow":["GET"]}}],"collection":[{"href":"https:\/\/erikaupert.ro\/en\/wp-json\/wp\/v2\/pages"}],"about":[{"href":"https:\/\/erikaupert.ro\/en\/wp-json\/wp\/v2\/types\/page"}],"author":[{"embeddable":true,"href":"https:\/\/erikaupert.ro\/en\/wp-json\/wp\/v2\/users\/3"}],"replies":[{"embeddable":true,"href":"https:\/\/erikaupert.ro\/en\/wp-json\/wp\/v2\/comments?post=239"}],"version-history":[{"count":0,"href":"https:\/\/erikaupert.ro\/en\/wp-json\/wp\/v2\/pages\/239\/revisions"}],"wp:attachment":[{"href":"https:\/\/erikaupert.ro\/en\/wp-json\/wp\/v2\/media?parent=239"}],"curies":[{"name":"wp","href":"https:\/\/api.w.org\/{rel}","templated":true}]}}