{"id":261,"date":"2025-06-28T16:28:17","date_gmt":"2025-06-28T14:28:17","guid":{"rendered":"https:\/\/erikaupert.ro\/csendes-ujjaszuletes\/"},"modified":"2025-06-28T16:28:17","modified_gmt":"2025-06-28T14:28:17","slug":"csendes-ujjaszuletes","status":"publish","type":"page","link":"https:\/\/erikaupert.ro\/hu\/csendes-ujjaszuletes\/","title":{"rendered":"Csendes \u00fajj\u00e1sz\u00fclet\u00e9s"},"content":{"rendered":"","protected":false},"excerpt":{"rendered":"","protected":false},"author":3,"featured_media":0,"parent":0,"menu_order":0,"comment_status":"open","ping_status":"closed","template":"","meta":{"iawp_total_views":2,"footnotes":""},"class_list":["post-261","page","type-page","status-publish","hentry"],"yoast_head":"<!-- This site is optimized with the Yoast SEO plugin v26.2 - https:\/\/yoast.com\/wordpress\/plugins\/seo\/ -->\n<title>Csendes \u00fajj\u00e1sz\u00fclet\u00e9s - Kaupert Erika | Coach Certificat \u00een S\u0103n\u0103tate \u0219i Wellness<\/title>\n<meta name=\"robots\" content=\"index, follow, max-snippet:-1, max-image-preview:large, max-video-preview:-1\" \/>\n<link rel=\"canonical\" href=\"https:\/\/erikaupert.ro\/hu\/csendes-ujjaszuletes\/\" \/>\n<meta property=\"og:locale\" content=\"hu_HU\" \/>\n<meta property=\"og:type\" content=\"article\" \/>\n<meta property=\"og:title\" content=\"Csendes \u00fajj\u00e1sz\u00fclet\u00e9s - Kaupert Erika | Coach Certificat \u00een S\u0103n\u0103tate \u0219i Wellness\" \/>\n<meta property=\"og:url\" content=\"https:\/\/erikaupert.ro\/hu\/csendes-ujjaszuletes\/\" \/>\n<meta property=\"og:site_name\" content=\"Kaupert Erika | Coach Certificat \u00een S\u0103n\u0103tate \u0219i Wellness\" \/>\n<meta name=\"twitter:card\" content=\"summary_large_image\" \/>\n<script type=\"application\/ld+json\" class=\"yoast-schema-graph\">{\"@context\":\"https:\/\/schema.org\",\"@graph\":[{\"@type\":\"WebPage\",\"@id\":\"https:\/\/erikaupert.ro\/hu\/csendes-ujjaszuletes\/\",\"url\":\"https:\/\/erikaupert.ro\/hu\/csendes-ujjaszuletes\/\",\"name\":\"Csendes \u00fajj\u00e1sz\u00fclet\u00e9s - Kaupert Erika | Coach Certificat \u00een S\u0103n\u0103tate \u0219i Wellness\",\"isPartOf\":{\"@id\":\"https:\/\/erikaupert.ro\/hu\/#website\"},\"datePublished\":\"2025-06-28T14:28:17+00:00\",\"breadcrumb\":{\"@id\":\"https:\/\/erikaupert.ro\/hu\/csendes-ujjaszuletes\/#breadcrumb\"},\"inLanguage\":\"hu\",\"potentialAction\":[{\"@type\":\"ReadAction\",\"target\":[\"https:\/\/erikaupert.ro\/hu\/csendes-ujjaszuletes\/\"]}]},{\"@type\":\"BreadcrumbList\",\"@id\":\"https:\/\/erikaupert.ro\/hu\/csendes-ujjaszuletes\/#breadcrumb\",\"itemListElement\":[{\"@type\":\"ListItem\",\"position\":1,\"name\":\"Prima pagin\u0103\",\"item\":\"https:\/\/erikaupert.ro\/hu\/kezdolap\/\"},{\"@type\":\"ListItem\",\"position\":2,\"name\":\"Csendes \u00fajj\u00e1sz\u00fclet\u00e9s\"}]},{\"@type\":\"WebSite\",\"@id\":\"https:\/\/erikaupert.ro\/hu\/#website\",\"url\":\"https:\/\/erikaupert.ro\/hu\/\",\"name\":\"Kaupert Erika | Coach Certificat \u00een S\u0103n\u0103tate \u0219i Wellness\",\"description\":\"Coach Certificat \u00een S\u0103n\u0103tate \u0219i Wellness\",\"publisher\":{\"@id\":\"https:\/\/erikaupert.ro\/hu\/#\/schema\/person\/3971b7d78cf4c284de7cfabb527de962\"},\"potentialAction\":[{\"@type\":\"SearchAction\",\"target\":{\"@type\":\"EntryPoint\",\"urlTemplate\":\"https:\/\/erikaupert.ro\/hu\/?s={search_term_string}\"},\"query-input\":{\"@type\":\"PropertyValueSpecification\",\"valueRequired\":true,\"valueName\":\"search_term_string\"}}],\"inLanguage\":\"hu\"},{\"@type\":[\"Person\",\"Organization\"],\"@id\":\"https:\/\/erikaupert.ro\/hu\/#\/schema\/person\/3971b7d78cf4c284de7cfabb527de962\",\"name\":\"erikaupert@yahoo.co.uk\",\"image\":{\"@type\":\"ImageObject\",\"inLanguage\":\"hu\",\"@id\":\"https:\/\/erikaupert.ro\/hu\/#\/schema\/person\/image\/\",\"url\":\"https:\/\/secure.gravatar.com\/avatar\/11cb3bea97ee7f9a6bbae9b975ea6c4d7e2c4f46aa57ab215bb289d0b0cfb2b6?s=96&d=mm&r=g\",\"contentUrl\":\"https:\/\/secure.gravatar.com\/avatar\/11cb3bea97ee7f9a6bbae9b975ea6c4d7e2c4f46aa57ab215bb289d0b0cfb2b6?s=96&d=mm&r=g\",\"caption\":\"erikaupert@yahoo.co.uk\"},\"logo\":{\"@id\":\"https:\/\/erikaupert.ro\/hu\/#\/schema\/person\/image\/\"}}]}<\/script>\n<!-- \/ Yoast SEO plugin. -->","yoast_head_json":{"title":"Csendes \u00fajj\u00e1sz\u00fclet\u00e9s - Kaupert Erika | Coach Certificat \u00een S\u0103n\u0103tate \u0219i Wellness","robots":{"index":"index","follow":"follow","max-snippet":"max-snippet:-1","max-image-preview":"max-image-preview:large","max-video-preview":"max-video-preview:-1"},"canonical":"https:\/\/erikaupert.ro\/hu\/csendes-ujjaszuletes\/","og_locale":"hu_HU","og_type":"article","og_title":"Csendes \u00fajj\u00e1sz\u00fclet\u00e9s - Kaupert Erika | Coach Certificat \u00een S\u0103n\u0103tate \u0219i Wellness","og_url":"https:\/\/erikaupert.ro\/hu\/csendes-ujjaszuletes\/","og_site_name":"Kaupert Erika | Coach Certificat \u00een S\u0103n\u0103tate \u0219i Wellness","twitter_card":"summary_large_image","schema":{"@context":"https:\/\/schema.org","@graph":[{"@type":"WebPage","@id":"https:\/\/erikaupert.ro\/hu\/csendes-ujjaszuletes\/","url":"https:\/\/erikaupert.ro\/hu\/csendes-ujjaszuletes\/","name":"Csendes \u00fajj\u00e1sz\u00fclet\u00e9s - Kaupert Erika | Coach Certificat \u00een S\u0103n\u0103tate \u0219i Wellness","isPartOf":{"@id":"https:\/\/erikaupert.ro\/hu\/#website"},"datePublished":"2025-06-28T14:28:17+00:00","breadcrumb":{"@id":"https:\/\/erikaupert.ro\/hu\/csendes-ujjaszuletes\/#breadcrumb"},"inLanguage":"hu","potentialAction":[{"@type":"ReadAction","target":["https:\/\/erikaupert.ro\/hu\/csendes-ujjaszuletes\/"]}]},{"@type":"BreadcrumbList","@id":"https:\/\/erikaupert.ro\/hu\/csendes-ujjaszuletes\/#breadcrumb","itemListElement":[{"@type":"ListItem","position":1,"name":"Prima pagin\u0103","item":"https:\/\/erikaupert.ro\/hu\/kezdolap\/"},{"@type":"ListItem","position":2,"name":"Csendes \u00fajj\u00e1sz\u00fclet\u00e9s"}]},{"@type":"WebSite","@id":"https:\/\/erikaupert.ro\/hu\/#website","url":"https:\/\/erikaupert.ro\/hu\/","name":"Kaupert Erika | Coach Certificat \u00een S\u0103n\u0103tate \u0219i Wellness","description":"Coach Certificat \u00een S\u0103n\u0103tate \u0219i Wellness","publisher":{"@id":"https:\/\/erikaupert.ro\/hu\/#\/schema\/person\/3971b7d78cf4c284de7cfabb527de962"},"potentialAction":[{"@type":"SearchAction","target":{"@type":"EntryPoint","urlTemplate":"https:\/\/erikaupert.ro\/hu\/?s={search_term_string}"},"query-input":{"@type":"PropertyValueSpecification","valueRequired":true,"valueName":"search_term_string"}}],"inLanguage":"hu"},{"@type":["Person","Organization"],"@id":"https:\/\/erikaupert.ro\/hu\/#\/schema\/person\/3971b7d78cf4c284de7cfabb527de962","name":"erikaupert@yahoo.co.uk","image":{"@type":"ImageObject","inLanguage":"hu","@id":"https:\/\/erikaupert.ro\/hu\/#\/schema\/person\/image\/","url":"https:\/\/secure.gravatar.com\/avatar\/11cb3bea97ee7f9a6bbae9b975ea6c4d7e2c4f46aa57ab215bb289d0b0cfb2b6?s=96&d=mm&r=g","contentUrl":"https:\/\/secure.gravatar.com\/avatar\/11cb3bea97ee7f9a6bbae9b975ea6c4d7e2c4f46aa57ab215bb289d0b0cfb2b6?s=96&d=mm&r=g","caption":"erikaupert@yahoo.co.uk"},"logo":{"@id":"https:\/\/erikaupert.ro\/hu\/#\/schema\/person\/image\/"}}]}},"_links":{"self":[{"href":"https:\/\/erikaupert.ro\/hu\/wp-json\/wp\/v2\/pages\/261","targetHints":{"allow":["GET"]}}],"collection":[{"href":"https:\/\/erikaupert.ro\/hu\/wp-json\/wp\/v2\/pages"}],"about":[{"href":"https:\/\/erikaupert.ro\/hu\/wp-json\/wp\/v2\/types\/page"}],"author":[{"embeddable":true,"href":"https:\/\/erikaupert.ro\/hu\/wp-json\/wp\/v2\/users\/3"}],"replies":[{"embeddable":true,"href":"https:\/\/erikaupert.ro\/hu\/wp-json\/wp\/v2\/comments?post=261"}],"version-history":[{"count":0,"href":"https:\/\/erikaupert.ro\/hu\/wp-json\/wp\/v2\/pages\/261\/revisions"}],"wp:attachment":[{"href":"https:\/\/erikaupert.ro\/hu\/wp-json\/wp\/v2\/media?parent=261"}],"curies":[{"name":"wp","href":"https:\/\/api.w.org\/{rel}","templated":true}]}}