{"id":266,"date":"2025-04-11T13:33:59","date_gmt":"2025-04-11T11:33:59","guid":{"rendered":"https:\/\/erikaupert.ro\/adatvedelmi-szabalyzat\/"},"modified":"2025-11-01T20:22:38","modified_gmt":"2025-11-01T18:22:38","slug":"adatvedelmi-szabalyzat","status":"publish","type":"page","link":"https:\/\/erikaupert.ro\/hu\/adatvedelmi-szabalyzat\/","title":{"rendered":"Adatv\u00e9delmi szab\u00e1lyzat"},"content":{"rendered":"\n<p><strong>Adatv\u00e9delmi szab\u00e1lyzat<\/strong><br\/>Friss\u00edt\u00e9s d\u00e1tuma: 2025.07.02.<br\/>Hat\u00e1lybal\u00e9p\u00e9s d\u00e1tuma: 2025.07.02.<\/p>\n\n<p>Ez az Adatv\u00e9delmi szab\u00e1lyzat a KAUPERT J. ERIKA EGY\u00c9NI V\u00c1LLALKOZ\u00d3, Bukarest, 1. ker\u00fclet, Bucure\u0219tii Noi sug\u00e1r\u00fat 136., F\u00d6LDSZINT, 5. lak\u00e1s, contact@erikaupert.ro, telefon: +40745 365 537 adatgy\u0171jt\u00e9si, -felhaszn\u00e1l\u00e1si \u00e9s -megoszt\u00e1si politik\u00e1j\u00e1t \u00edrja le a weboldalunk (www.erikaupert.ro), tov\u00e1bbiakban &#8222;Szolg\u00e1ltat\u00e1s&#8221; haszn\u00e1lata sor\u00e1n. A Szolg\u00e1ltat\u00e1s haszn\u00e1lat\u00e1val \u00d6n elfogadja a szem\u00e9lyes adatok gy\u0171jt\u00e9s\u00e9t, felhaszn\u00e1l\u00e1s\u00e1t \u00e9s megoszt\u00e1s\u00e1t ezen Adatv\u00e9delmi szab\u00e1lyzatnak megfelel\u0151en. Ha nem \u00e9rt egyet ezzel, k\u00e9rj\u00fck, ne haszn\u00e1lja Szolg\u00e1ltat\u00e1sunkat.  <\/p>\n\n<p>Ezt az Adatv\u00e9delmi szab\u00e1lyzatot b\u00e1rmikor m\u00f3dos\u00edthatjuk el\u0151zetes \u00e9rtes\u00edt\u00e9s n\u00e9lk\u00fcl, \u00e9s k\u00f6zz\u00e9tessz\u00fck a fel\u00fclvizsg\u00e1lt verzi\u00f3t \u00e9s annak hat\u00e1lybal\u00e9p\u00e9si d\u00e1tum\u00e1t. A m\u00f3dos\u00edtott szab\u00e1lyzat a k\u00f6zz\u00e9t\u00e9telt\u0151l sz\u00e1m\u00edtott 180 napon bel\u00fcl l\u00e9p hat\u00e1lyba, bele\u00e9rtve azokat a felhaszn\u00e1l\u00f3kat is, akik elfogadt\u00e1k a r\u00e9gi szab\u00e1lyzatot. A Szolg\u00e1ltat\u00e1s ezt k\u00f6vet\u0151 haszn\u00e1lata automatikusan a m\u00f3dos\u00edtott szab\u00e1lyzat elfogad\u00e1s\u00e1t jelenti. Ez\u00e9rt javasoljuk az Adatv\u00e9delmi szab\u00e1lyzat rendszeres ellen\u0151rz\u00e9s\u00e9t.   <\/p>\n\n<p><strong>AZ \u00c1LTALUNK GY\u0170JT\u00d6TT INFORM\u00c1CI\u00d3K<\/strong><\/p>\n\n<p>A k\u00f6vetkez\u0151, felhaszn\u00e1l\u00f3 \u00e1ltal rendelkez\u00e9sre bocs\u00e1tott inform\u00e1ci\u00f3kat gy\u0171jtj\u00fck \u00e9s dolgozzuk fel a Szolg\u00e1ltat\u00e1s haszn\u00e1lat\u00e1val kapcsolatban:<\/p>\n\n<p>N\u00e9v, E-mail c\u00edm, Telefonsz\u00e1m<\/p>\n\n<p><strong>HOGYAN GY\u0170JTJ\u00dcK EZEKET AZ INFORM\u00c1CI\u00d3KAT<\/strong><\/p>\n\n<p>Az inform\u00e1ci\u00f3kat a k\u00f6vetkez\u0151 esetekben gy\u0171jtj\u00fck\/dolgozzuk fel:<\/p>\n\n<p>(1) \u00daj fi\u00f3k l\u00e9trehoz\u00e1sakor a weboldalon: Nem;<\/p>\n\n<p>(2) Amikor kapcsolatba l\u00e9p a weboldallal: Cookie-k, mint p\u00e9ld\u00e1ul Google Analytics, Facebook Pixel, \u00e9s egy\u00e9b cookie-k a Cookie szab\u00e1lyzatnak megfelel\u0151en;<\/p>\n\n<p>(3) Hozz\u00e1j\u00e1rul\u00e1s alapj\u00e1n (pl. h\u00edrlev\u00e9l feliratkoz\u00e1s): Nem;<\/p>\n\n<p>(4) Amikor k\u00f6zvetlen\u00fcl vagy kapcsolatfelv\u00e9teli \u0171rlapon kereszt\u00fcl kapcsolatba l\u00e9p vel\u00fcnk;<\/p>\n\n<p>(5) Fizet\u00e9s eset\u00e9n: Nem. A k\u00e1rtyaadatokat nem t\u00e1roljuk szerver\u00fcnk\u00f6n, a fizet\u00e9s biztons\u00e1gosan t\u00f6rt\u00e9nik fizet\u00e9si szolg\u00e1ltat\u00f3n kereszt\u00fcl (pl. paypal, stripe, mobilpay, payu, stb.); <\/p>\n\n<p><strong>HOGYAN HASZN\u00c1LJUK A GY\u0170JT\u00d6TT INFORM\u00c1CI\u00d3KAT<\/strong><\/p>\n\n<p>A gy\u0171jt\u00f6tt inform\u00e1ci\u00f3kat a k\u00f6vetkez\u0151 c\u00e9lokra haszn\u00e1ljuk:<\/p>\n\n<p>Marketing, Felhaszn\u00e1l\u00f3i kommentek, Adminisztrat\u00edv inform\u00e1ci\u00f3k<\/p>\n\n<p>Ha a gy\u0171jt\u00f6tt inform\u00e1ci\u00f3kat b\u00e1rmely m\u00e1s c\u00e9lra k\u00edv\u00e1njuk felhaszn\u00e1lni, el\u0151zetesen k\u00e9rni fogjuk az \u00d6n hozz\u00e1j\u00e1rul\u00e1s\u00e1t, \u00e9s csak a hozz\u00e1j\u00e1rul\u00e1s megad\u00e1sa ut\u00e1n, kiz\u00e1r\u00f3lag a megjel\u00f6lt c\u00e9lokra haszn\u00e1ljuk fel azokat. Kiv\u00e9telt k\u00e9pezhetnek a t\u00f6rv\u00e9ny \u00e1ltal el\u0151\u00edrt k\u00f6vetelm\u00e9nyek vagy k\u00f6telezetts\u00e9gek. <\/p>\n\n<p><strong>KIKKEL OSZTJUK MEG AZ INFORM\u00c1CI\u00d3KAT:<\/strong><\/p>\n\n<p>Nem osztjuk meg a gy\u0171jt\u00f6tt szem\u00e9lyes inform\u00e1ci\u00f3kat harmadik felekkel az \u00d6n hozz\u00e1j\u00e1rul\u00e1sa n\u00e9lk\u00fcl, kiv\u00e9ve n\u00e9h\u00e1ny korl\u00e1tozott esetet, mint p\u00e9ld\u00e1ul az al\u00e1bbiak.<\/p>\n\n<p>Marketing \u00fcgyn\u00f6ks\u00e9gek, Analytics (pl. Google analytics), Adatgy\u0171jt\u00e9s \u00e9s Adatelemz\u00e9s<\/p>\n\n<p>A harmadik feleknek t\u00f6rt\u00e9n\u0151 adattov\u00e1bb\u00edt\u00e1st ahhoz k\u00f6tj\u00fck, hogy az inform\u00e1ci\u00f3kat csak a gy\u0171jt\u00e9s eredeti c\u00e9lj\u00e1ra haszn\u00e1lj\u00e1k fel, \u00e9s ne t\u00e1rolj\u00e1k tov\u00e1bb, mint az a c\u00e9l el\u00e9r\u00e9s\u00e9hez sz\u00fcks\u00e9ges.<\/p>\n\n<p>Az inform\u00e1ci\u00f3kat megoszthatjuk a k\u00f6vetkez\u0151 esetekben: (1) jogi k\u00f6telezetts\u00e9gek teljes\u00edt\u00e9se vagy b\u00edr\u00f3s\u00e1gi hat\u00e1rozatok v\u00e9grehajt\u00e1sa c\u00e9lj\u00e1b\u00f3l; (2) az Adatv\u00e9delmi szab\u00e1lyzat elfogad\u00e1s\u00e1nak igazol\u00e1s\u00e1ra; (3) harmadik felek jogainak megs\u00e9rt\u00e9s\u00e9vel kapcsolatos panaszok megv\u00e1laszol\u00e1s\u00e1ra. Ha Szolg\u00e1ltat\u00e1sunk vagy v\u00e1llalatunk egyes\u00fcl vagy m\u00e1s v\u00e1llalat felv\u00e1s\u00e1rolja, a gy\u0171jt\u00f6tt inform\u00e1ci\u00f3k az \u00faj tulajdonoshoz ker\u00fcl\u0151 eszk\u00f6z\u00f6k r\u00e9sz\u00e9t k\u00e9pezik. <\/p>\n\n<p><strong>A GY\u0170JT\u00d6TT INFORM\u00c1CI\u00d3K T\u00c1ROL\u00c1SA<\/strong><\/p>\n\n<p>A gy\u0171jt\u00f6tt inform\u00e1ci\u00f3kat maximum 24 h\u00f3napig vagy addig \u0151rizz\u00fck meg, ameddig az a gy\u0171jt\u00e9s c\u00e9lj\u00e1nak teljes\u00edt\u00e9s\u00e9hez sz\u00fcks\u00e9ges, ahogy azt jelen Adatv\u00e9delmi szab\u00e1lyzatban r\u00e9szletezt\u00fck. Bizonyos inform\u00e1ci\u00f3kat hosszabb ideig kell meg\u0151rizn\u00fcnk, p\u00e9ld\u00e1ul a hat\u00e1lyos jogszab\u00e1lyok \u00e1ltal el\u0151\u00edrt sz\u00e1mviteli nyilv\u00e1ntart\u00e1sokat, vagy m\u00e1s jogszer\u0171 c\u00e9lokb\u00f3l, mint p\u00e9ld\u00e1ul jog\u00e9rv\u00e9nyes\u00edt\u00e9s, csal\u00e1s megel\u0151z\u00e9se. <\/p>\n\n<p>Az anonim \u00e9s \u00f6sszes\u00edtett adatokat, amelyek nem alkalmasak az \u00d6n k\u00f6zvetlen vagy k\u00f6zvetett azonos\u00edt\u00e1s\u00e1ra, hat\u00e1rozatlan ideig t\u00e1rolhatjuk.<\/p>\n\n<p><strong>AZ \u00d6N JOGAI<\/strong><\/p>\n\n<p>Az alkalmazand\u00f3 jogszab\u00e1lyok szerint \u00d6nnek joga van a szem\u00e9lyes adataihoz val\u00f3 hozz\u00e1f\u00e9r\u00e9shez, azok helyesb\u00edt\u00e9s\u00e9hez vagy t\u00f6rl\u00e9s\u00e9hez, jogosult m\u00e1solatot kapni a gy\u0171jt\u00f6tt adatokr\u00f3l, tiltakozhat bizonyos szem\u00e9lyes adatok feldolgoz\u00e1sa ellen, \u00e9s joga van az illet\u00e9kes hat\u00f3s\u00e1ghoz fordulni panasszal vagy k\u00e9relemmel jogaival kapcsolatban. Ezen jogok gyakorl\u00e1s\u00e1hoz a k\u00f6vetkez\u0151 m\u00f3don l\u00e9phet vel\u00fcnk kapcsolatba: KAUPERT ERIKA, Kolozsv\u00e1r, Snagov  <\/p>\n\n<p>utca 5., 1. l\u00e9pcs\u0151h\u00e1z, 2. emelet, 8. lak\u00e1s, contact@erikaupert.ro. K\u00e9r\u00e9s\u00e9re a vonatkoz\u00f3 jogszab\u00e1lyoknak megfelel\u0151en 30 napon bel\u00fcl v\u00e1laszolunk.    <\/p>\n\n<p>Lehet\u0151s\u00e9ge van tiltakozni a marketing c\u00e9l\u00fa kommunik\u00e1ci\u00f3 vagy a szem\u00e9lyre szabott hirdet\u00e9sek elemz\u00e9se ellen a be\u00e1ll\u00edt\u00e1sok m\u00f3dos\u00edt\u00e1s\u00e1val vagy k\u00f6zvetlen\u00fcl e-mailben a contact@erikaupert.ro c\u00edmen.<\/p>\n\n<p>K\u00e9rj\u00fck, vegye figyelembe, hogy bizonyos gy\u0171jt\u00f6tt inform\u00e1ci\u00f3k sz\u00fcks\u00e9gesek a Szolg\u00e1ltat\u00e1s m\u0171k\u00f6d\u00e9s\u00e9hez, \u00e9s a hozz\u00e1j\u00e1rul\u00e1s visszavon\u00e1sa eset\u00e9n a szolg\u00e1ltat\u00e1s haszn\u00e1lhatatlann\u00e1 v\u00e1lhat.<\/p>\n\n<p><strong>COOKIE-K, NYOMK\u00d6VET\u00c9S<\/strong><\/p>\n\n<p>A haszn\u00e1lt cookie-kkal \u00e9s technol\u00f3gi\u00e1kkal kapcsolatos tov\u00e1bbi r\u00e9szletek\u00e9rt k\u00e9rj\u00fck, tekintse meg a Cookie szab\u00e1lyzatot.<\/p>\n\n<p><strong>BIZTONS\u00c1G<\/strong><\/p>\n\n<p>Az \u00e1ltalunk gy\u0171jt\u00f6tt adatok \u00e9s inform\u00e1ci\u00f3k biztons\u00e1ga fontos sz\u00e1munkra, \u00e9s megfelel\u0151 biztons\u00e1gi int\u00e9zked\u00e9seket vezet\u00fcnk be az adatveszt\u00e9s, m\u00f3dos\u00edt\u00e1s \u00e9s jogosulatlan hozz\u00e1f\u00e9r\u00e9s megakad\u00e1lyoz\u00e1s\u00e1ra. Azonban a term\u00e9szetes kock\u00e1zatok miatt nem tudunk abszol\u00fat biztons\u00e1got garant\u00e1lni, \u00e9s k\u00f6vetkez\u00e9sk\u00e9ppen nem garant\u00e1lhatjuk a gy\u0171jt\u00f6tt inform\u00e1ci\u00f3k teljes biztons\u00e1g\u00e1t. <\/p>\n\n<p><strong>K\u00dcLS\u0150 LINKEK<\/strong><\/p>\n\n<p>Szolg\u00e1ltat\u00e1sunk tartalmazhat olyan linkeket, amelyek nem \u00e1ltalunk \u00fczemeltetett weboldalakra mutatnak. Ez az Adatv\u00e9delmi szab\u00e1lyzat nem vonatkozik m\u00e1s weboldalak szab\u00e1lyzataira \u00e9s gyakorlataira, bele\u00e9rtve, de nem kiz\u00e1r\u00f3lagosan a Szolg\u00e1ltat\u00e1sunkon kereszt\u00fcl el\u00e9rhet\u0151 linkeken kereszt\u00fcl megnyitott oldalakat. Javasoljuk, hogy tekintse meg minden olyan weboldal Adatv\u00e9delmi szab\u00e1lyzat\u00e1t, amelyet Szolg\u00e1ltat\u00e1sunkon kereszt\u00fcl l\u00e1togat meg. Nem v\u00e1llalunk felel\u0151ss\u00e9get m\u00e1s weboldalak tartalm\u00e1\u00e9rt, adatv\u00e9delmi szab\u00e1lyzat\u00e1\u00e9rt \u00e9s gyakorlat\u00e1\u00e9rt.<br\/>   <\/p>\n\n<p><strong>KAPCSOLAT \/ DPO<\/strong><\/p>\n\n<p>Ha k\u00e9rd\u00e9se vagy agg\u00e1lya van az \u00e1ltalunk gy\u0171jt\u00f6tt inform\u00e1ci\u00f3k\/szem\u00e9lyes adatok feldolgoz\u00e1s\u00e1val kapcsolatban, k\u00e9rj\u00fck, vegye fel vel\u00fcnk a kapcsolatot &#8222;Adatv\u00e9delmi felel\u0151s r\u00e9sz\u00e9re&#8221; c\u00edmz\u00e9ssel a k\u00f6vetkez\u0151 c\u00edmen: KAUPERT J. ERIKA, Bukarest, 1. ker\u00fclet, Bucure\u0219tii Noi sug\u00e1r\u00fat 136., F\u00d6LDSZINT, 5. lak\u00e1s, e-mail: contact@erikaupert.ro. Megkeres\u00e9s\u00e9re a hat\u00e1lyos jogszab\u00e1lyoknak megfelel\u0151en v\u00e1laszolunk. <\/p>\n","protected":false},"excerpt":{"rendered":"<p>Adatv\u00e9delmi szab\u00e1lyzatFriss\u00edt\u00e9s d\u00e1tuma: 2025.07.02.Hat\u00e1lybal\u00e9p\u00e9s d\u00e1tuma: 2025.07.02. Ez az Adatv\u00e9delmi szab\u00e1lyzat a KAUPERT J. ERIKA EGY\u00c9NI V\u00c1LLALKOZ\u00d3, Bukarest, 1. ker\u00fclet, Bucure\u0219tii Noi sug\u00e1r\u00fat 136., F\u00d6LDSZINT, 5. lak\u00e1s,<span class=\"excerpt-hellip\"> [\u2026]<\/span><\/p>\n","protected":false},"author":2,"featured_media":0,"parent":0,"menu_order":0,"comment_status":"closed","ping_status":"closed","template":"","meta":{"iawp_total_views":1,"footnotes":""},"class_list":["post-266","page","type-page","status-publish","hentry"],"yoast_head":"<!-- This site is optimized with the Yoast SEO plugin v26.2 - https:\/\/yoast.com\/wordpress\/plugins\/seo\/ -->\n<title>Adatv\u00e9delmi szab\u00e1lyzat - Kaupert Erika | Coach Certificat \u00een S\u0103n\u0103tate \u0219i Wellness<\/title>\n<meta name=\"robots\" content=\"index, follow, max-snippet:-1, max-image-preview:large, max-video-preview:-1\" \/>\n<link rel=\"canonical\" href=\"https:\/\/erikaupert.ro\/hu\/adatvedelmi-szabalyzat\/\" \/>\n<meta property=\"og:locale\" content=\"hu_HU\" \/>\n<meta property=\"og:type\" content=\"article\" \/>\n<meta property=\"og:title\" content=\"Adatv\u00e9delmi szab\u00e1lyzat - Kaupert Erika | Coach Certificat \u00een S\u0103n\u0103tate \u0219i Wellness\" \/>\n<meta property=\"og:description\" content=\"Adatv\u00e9delmi szab\u00e1lyzatFriss\u00edt\u00e9s d\u00e1tuma: 2025.07.02.Hat\u00e1lybal\u00e9p\u00e9s d\u00e1tuma: 2025.07.02. Ez az Adatv\u00e9delmi szab\u00e1lyzat a KAUPERT J. ERIKA EGY\u00c9NI V\u00c1LLALKOZ\u00d3, Bukarest, 1. ker\u00fclet, Bucure\u0219tii Noi sug\u00e1r\u00fat 136., F\u00d6LDSZINT, 5. lak\u00e1s, [\u2026]\" \/>\n<meta property=\"og:url\" content=\"https:\/\/erikaupert.ro\/hu\/adatvedelmi-szabalyzat\/\" \/>\n<meta property=\"og:site_name\" content=\"Kaupert Erika | Coach Certificat \u00een S\u0103n\u0103tate \u0219i Wellness\" \/>\n<meta property=\"article:modified_time\" content=\"2025-11-01T18:22:38+00:00\" \/>\n<meta name=\"twitter:card\" content=\"summary_large_image\" \/>\n<meta name=\"twitter:label1\" content=\"Becs\u00fclt olvas\u00e1si id\u0151\" \/>\n\t<meta name=\"twitter:data1\" content=\"6 perc\" \/>\n<script type=\"application\/ld+json\" class=\"yoast-schema-graph\">{\"@context\":\"https:\/\/schema.org\",\"@graph\":[{\"@type\":\"WebPage\",\"@id\":\"https:\/\/erikaupert.ro\/hu\/adatvedelmi-szabalyzat\/\",\"url\":\"https:\/\/erikaupert.ro\/hu\/adatvedelmi-szabalyzat\/\",\"name\":\"Adatv\u00e9delmi szab\u00e1lyzat - Kaupert Erika | Coach Certificat \u00een S\u0103n\u0103tate \u0219i Wellness\",\"isPartOf\":{\"@id\":\"https:\/\/erikaupert.ro\/hu\/#website\"},\"datePublished\":\"2025-04-11T11:33:59+00:00\",\"dateModified\":\"2025-11-01T18:22:38+00:00\",\"breadcrumb\":{\"@id\":\"https:\/\/erikaupert.ro\/hu\/adatvedelmi-szabalyzat\/#breadcrumb\"},\"inLanguage\":\"hu\",\"potentialAction\":[{\"@type\":\"ReadAction\",\"target\":[\"https:\/\/erikaupert.ro\/hu\/adatvedelmi-szabalyzat\/\"]}]},{\"@type\":\"BreadcrumbList\",\"@id\":\"https:\/\/erikaupert.ro\/hu\/adatvedelmi-szabalyzat\/#breadcrumb\",\"itemListElement\":[{\"@type\":\"ListItem\",\"position\":1,\"name\":\"Prima pagin\u0103\",\"item\":\"https:\/\/erikaupert.ro\/hu\/kezdolap\/\"},{\"@type\":\"ListItem\",\"position\":2,\"name\":\"Adatv\u00e9delmi szab\u00e1lyzat\"}]},{\"@type\":\"WebSite\",\"@id\":\"https:\/\/erikaupert.ro\/hu\/#website\",\"url\":\"https:\/\/erikaupert.ro\/hu\/\",\"name\":\"Kaupert Erika | Coach Certificat \u00een S\u0103n\u0103tate \u0219i Wellness\",\"description\":\"Coach Certificat \u00een S\u0103n\u0103tate \u0219i Wellness\",\"publisher\":{\"@id\":\"https:\/\/erikaupert.ro\/hu\/#\/schema\/person\/3971b7d78cf4c284de7cfabb527de962\"},\"potentialAction\":[{\"@type\":\"SearchAction\",\"target\":{\"@type\":\"EntryPoint\",\"urlTemplate\":\"https:\/\/erikaupert.ro\/hu\/?s={search_term_string}\"},\"query-input\":{\"@type\":\"PropertyValueSpecification\",\"valueRequired\":true,\"valueName\":\"search_term_string\"}}],\"inLanguage\":\"hu\"},{\"@type\":[\"Person\",\"Organization\"],\"@id\":\"https:\/\/erikaupert.ro\/hu\/#\/schema\/person\/3971b7d78cf4c284de7cfabb527de962\",\"name\":\"erikaupert@yahoo.co.uk\",\"image\":{\"@type\":\"ImageObject\",\"inLanguage\":\"hu\",\"@id\":\"https:\/\/erikaupert.ro\/hu\/#\/schema\/person\/image\/\",\"url\":\"https:\/\/secure.gravatar.com\/avatar\/11cb3bea97ee7f9a6bbae9b975ea6c4d7e2c4f46aa57ab215bb289d0b0cfb2b6?s=96&d=mm&r=g\",\"contentUrl\":\"https:\/\/secure.gravatar.com\/avatar\/11cb3bea97ee7f9a6bbae9b975ea6c4d7e2c4f46aa57ab215bb289d0b0cfb2b6?s=96&d=mm&r=g\",\"caption\":\"erikaupert@yahoo.co.uk\"},\"logo\":{\"@id\":\"https:\/\/erikaupert.ro\/hu\/#\/schema\/person\/image\/\"}}]}<\/script>\n<!-- \/ Yoast SEO plugin. -->","yoast_head_json":{"title":"Adatv\u00e9delmi szab\u00e1lyzat - Kaupert Erika | Coach Certificat \u00een S\u0103n\u0103tate \u0219i Wellness","robots":{"index":"index","follow":"follow","max-snippet":"max-snippet:-1","max-image-preview":"max-image-preview:large","max-video-preview":"max-video-preview:-1"},"canonical":"https:\/\/erikaupert.ro\/hu\/adatvedelmi-szabalyzat\/","og_locale":"hu_HU","og_type":"article","og_title":"Adatv\u00e9delmi szab\u00e1lyzat - Kaupert Erika | Coach Certificat \u00een S\u0103n\u0103tate \u0219i Wellness","og_description":"Adatv\u00e9delmi szab\u00e1lyzatFriss\u00edt\u00e9s d\u00e1tuma: 2025.07.02.Hat\u00e1lybal\u00e9p\u00e9s d\u00e1tuma: 2025.07.02. Ez az Adatv\u00e9delmi szab\u00e1lyzat a KAUPERT J. ERIKA EGY\u00c9NI V\u00c1LLALKOZ\u00d3, Bukarest, 1. ker\u00fclet, Bucure\u0219tii Noi sug\u00e1r\u00fat 136., F\u00d6LDSZINT, 5. lak\u00e1s, [\u2026]","og_url":"https:\/\/erikaupert.ro\/hu\/adatvedelmi-szabalyzat\/","og_site_name":"Kaupert Erika | Coach Certificat \u00een S\u0103n\u0103tate \u0219i Wellness","article_modified_time":"2025-11-01T18:22:38+00:00","twitter_card":"summary_large_image","twitter_misc":{"Becs\u00fclt olvas\u00e1si id\u0151":"6 perc"},"schema":{"@context":"https:\/\/schema.org","@graph":[{"@type":"WebPage","@id":"https:\/\/erikaupert.ro\/hu\/adatvedelmi-szabalyzat\/","url":"https:\/\/erikaupert.ro\/hu\/adatvedelmi-szabalyzat\/","name":"Adatv\u00e9delmi szab\u00e1lyzat - Kaupert Erika | Coach Certificat \u00een S\u0103n\u0103tate \u0219i Wellness","isPartOf":{"@id":"https:\/\/erikaupert.ro\/hu\/#website"},"datePublished":"2025-04-11T11:33:59+00:00","dateModified":"2025-11-01T18:22:38+00:00","breadcrumb":{"@id":"https:\/\/erikaupert.ro\/hu\/adatvedelmi-szabalyzat\/#breadcrumb"},"inLanguage":"hu","potentialAction":[{"@type":"ReadAction","target":["https:\/\/erikaupert.ro\/hu\/adatvedelmi-szabalyzat\/"]}]},{"@type":"BreadcrumbList","@id":"https:\/\/erikaupert.ro\/hu\/adatvedelmi-szabalyzat\/#breadcrumb","itemListElement":[{"@type":"ListItem","position":1,"name":"Prima pagin\u0103","item":"https:\/\/erikaupert.ro\/hu\/kezdolap\/"},{"@type":"ListItem","position":2,"name":"Adatv\u00e9delmi szab\u00e1lyzat"}]},{"@type":"WebSite","@id":"https:\/\/erikaupert.ro\/hu\/#website","url":"https:\/\/erikaupert.ro\/hu\/","name":"Kaupert Erika | Coach Certificat \u00een S\u0103n\u0103tate \u0219i Wellness","description":"Coach Certificat \u00een S\u0103n\u0103tate \u0219i Wellness","publisher":{"@id":"https:\/\/erikaupert.ro\/hu\/#\/schema\/person\/3971b7d78cf4c284de7cfabb527de962"},"potentialAction":[{"@type":"SearchAction","target":{"@type":"EntryPoint","urlTemplate":"https:\/\/erikaupert.ro\/hu\/?s={search_term_string}"},"query-input":{"@type":"PropertyValueSpecification","valueRequired":true,"valueName":"search_term_string"}}],"inLanguage":"hu"},{"@type":["Person","Organization"],"@id":"https:\/\/erikaupert.ro\/hu\/#\/schema\/person\/3971b7d78cf4c284de7cfabb527de962","name":"erikaupert@yahoo.co.uk","image":{"@type":"ImageObject","inLanguage":"hu","@id":"https:\/\/erikaupert.ro\/hu\/#\/schema\/person\/image\/","url":"https:\/\/secure.gravatar.com\/avatar\/11cb3bea97ee7f9a6bbae9b975ea6c4d7e2c4f46aa57ab215bb289d0b0cfb2b6?s=96&d=mm&r=g","contentUrl":"https:\/\/secure.gravatar.com\/avatar\/11cb3bea97ee7f9a6bbae9b975ea6c4d7e2c4f46aa57ab215bb289d0b0cfb2b6?s=96&d=mm&r=g","caption":"erikaupert@yahoo.co.uk"},"logo":{"@id":"https:\/\/erikaupert.ro\/hu\/#\/schema\/person\/image\/"}}]}},"_links":{"self":[{"href":"https:\/\/erikaupert.ro\/hu\/wp-json\/wp\/v2\/pages\/266","targetHints":{"allow":["GET"]}}],"collection":[{"href":"https:\/\/erikaupert.ro\/hu\/wp-json\/wp\/v2\/pages"}],"about":[{"href":"https:\/\/erikaupert.ro\/hu\/wp-json\/wp\/v2\/types\/page"}],"author":[{"embeddable":true,"href":"https:\/\/erikaupert.ro\/hu\/wp-json\/wp\/v2\/users\/2"}],"replies":[{"embeddable":true,"href":"https:\/\/erikaupert.ro\/hu\/wp-json\/wp\/v2\/comments?post=266"}],"version-history":[{"count":1,"href":"https:\/\/erikaupert.ro\/hu\/wp-json\/wp\/v2\/pages\/266\/revisions"}],"predecessor-version":[{"id":267,"href":"https:\/\/erikaupert.ro\/hu\/wp-json\/wp\/v2\/pages\/266\/revisions\/267"}],"wp:attachment":[{"href":"https:\/\/erikaupert.ro\/hu\/wp-json\/wp\/v2\/media?parent=266"}],"curies":[{"name":"wp","href":"https:\/\/api.w.org\/{rel}","templated":true}]}}